{"id":8900,"date":"2025-12-17T14:27:59","date_gmt":"2025-12-17T13:27:59","guid":{"rendered":"https:\/\/canaldumidiexperience.fr\/?page_id=8900"},"modified":"2026-02-23T13:20:01","modified_gmt":"2026-02-23T12:20:01","slug":"le-canal-du-midi","status":"publish","type":"page","link":"https:\/\/canaldumidiexperience.fr\/?page_id=8900","title":{"rendered":"Le canal du Midi"},"content":{"rendered":"\n<div class=\"wp-block-obb-hero-block alignfull organic-block obb-hero obb-position-center-center obb-has-featured-img obb-featured-img-parallax is-style-obb-no-crop\" style=\"background-color:#006e6e;background-image:url(https:\/\/canaldumidiexperience.fr\/wp-content\/uploads\/2025\/12\/AdobeStock_494203844-1.jpeg);min-height:640px\"><svg class=\"clipping-path\" width=\"0\" height=\"0\"><defs><clipPath id=\"wave-curve-right\" clipPathUnits=\"objectBoundingBox\" transform=\"scale(0.01, 0.02)\"><path d=\"M100,0H0v44.7c0,0,8.1,4.8,26.4,5C48.7,49.8,59,38.5,79,37.3c12.7-0.7,21,4.6,21,4.6V0z\"><\/path><\/clipPath><\/defs><\/svg><svg class=\"clipping-path\" width=\"0\" height=\"0\"><defs><clipPath id=\"wave-curve-left\" clipPathUnits=\"objectBoundingBox\" transform=\"scale(0.01, 0.02)\"><path d=\"M0,0l100,0v44.7c0,0-8.1,4.8-26.4,5C51.3,49.8,41,38.5,21,37.3C8.2,36.6,0,41.9,0,41.9L0,0z\"><\/path><\/clipPath><\/defs><\/svg><svg class=\"clipping-path\" width=\"0\" height=\"0\"><defs><clipPath id=\"bulge\" clipPathUnits=\"objectBoundingBox\" transform=\"scale(0.01, 0.02)\"><path d=\"M100,40c0,0-20.7,10-50,10S0,40,0,40V0h100V40z\"><\/path><\/clipPath><\/defs><\/svg><div class=\"obb-content-overlay\" style=\"background-color:#006e6e;opacity:0\"><\/div><div class=\"obb-hero-content\" style=\"max-width:1280px\">\n<div class=\"wp-block-group obb-featured-img is-layout-flow wp-block-group-is-layout-flow\"><figure class=\"wp-block-post-featured-image\"><img loading=\"lazy\" decoding=\"async\" width=\"2400\" height=\"1600\" src=\"https:\/\/i0.wp.com\/canaldumidiexperience.fr\/wp-content\/uploads\/2025\/12\/AdobeStock_869301924.jpeg?fit=2400%2C1600&amp;ssl=1\" class=\"attachment-post-thumbnail size-post-thumbnail wp-post-image\" alt=\"\" style=\"object-fit:cover;\" srcset=\"https:\/\/i0.wp.com\/canaldumidiexperience.fr\/wp-content\/uploads\/2025\/12\/AdobeStock_869301924.jpeg?w=5445&amp;ssl=1 5445w, https:\/\/i0.wp.com\/canaldumidiexperience.fr\/wp-content\/uploads\/2025\/12\/AdobeStock_869301924.jpeg?resize=300%2C200&amp;ssl=1 300w, https:\/\/i0.wp.com\/canaldumidiexperience.fr\/wp-content\/uploads\/2025\/12\/AdobeStock_869301924.jpeg?resize=1024%2C683&amp;ssl=1 1024w, https:\/\/i0.wp.com\/canaldumidiexperience.fr\/wp-content\/uploads\/2025\/12\/AdobeStock_869301924.jpeg?resize=768%2C512&amp;ssl=1 768w, https:\/\/i0.wp.com\/canaldumidiexperience.fr\/wp-content\/uploads\/2025\/12\/AdobeStock_869301924.jpeg?resize=1536%2C1024&amp;ssl=1 1536w, https:\/\/i0.wp.com\/canaldumidiexperience.fr\/wp-content\/uploads\/2025\/12\/AdobeStock_869301924.jpeg?resize=2048%2C1365&amp;ssl=1 2048w, https:\/\/i0.wp.com\/canaldumidiexperience.fr\/wp-content\/uploads\/2025\/12\/AdobeStock_869301924.jpeg?resize=980%2C653&amp;ssl=1 980w, https:\/\/i0.wp.com\/canaldumidiexperience.fr\/wp-content\/uploads\/2025\/12\/AdobeStock_869301924.jpeg?w=3000&amp;ssl=1 3000w\" sizes=\"auto, (max-width: 1000px) 100vw, 1000px\" data-attachment-id=\"8783\" data-permalink=\"https:\/\/canaldumidiexperience.fr\/?attachment_id=8783\" data-orig-file=\"https:\/\/i0.wp.com\/canaldumidiexperience.fr\/wp-content\/uploads\/2025\/12\/AdobeStock_869301924.jpeg?fit=5445%2C3630&amp;ssl=1\" data-orig-size=\"5445,3630\" data-comments-opened=\"1\" data-image-meta=\"{&quot;aperture&quot;:&quot;8&quot;,&quot;credit&quot;:&quot;Ldgfr Photos - stock.adobe.com&quot;,&quot;camera&quot;:&quot;Canon EOS R6&quot;,&quot;caption&quot;:&quot;&quot;,&quot;created_timestamp&quot;:&quot;1719149699&quot;,&quot;copyright&quot;:&quot;&quot;,&quot;focal_length&quot;:&quot;112&quot;,&quot;iso&quot;:&quot;200&quot;,&quot;shutter_speed&quot;:&quot;0.003125&quot;,&quot;title&quot;:&quot;Le Pont Neuf sur la Canal du Midi \\u00e0 Castelnaudary&quot;,&quot;orientation&quot;:&quot;0&quot;}\" data-image-title=\"Le Pont Neuf sur la Canal du Midi \u00e0 Castelnaudary\" data-image-description=\"\" data-image-caption=\"\" data-large-file=\"https:\/\/i0.wp.com\/canaldumidiexperience.fr\/wp-content\/uploads\/2025\/12\/AdobeStock_869301924.jpeg?fit=1024%2C683&amp;ssl=1\" \/><\/figure><\/div>\n<\/div><\/div>\n\n\n\n<p class=\"has-text-color has-link-color has-medium-font-size wp-elements-f714f1dceae1169fc0bc1fe06fffdbcb wp-block-paragraph\" style=\"color:#e0b335\">Chef-d\u2019\u0153uvre du XVII\u1d49 si\u00e8cle, le canal du Midi relie Toulouse \u00e0 la M\u00e9diterran\u00e9e sur 240 km. Construit sous Louis XIV par Pierre-Paul Riquet, il est inscrit au patrimoine mondial de l\u2019UNESCO depuis 1996.<\/p>\n\n\n\n<hr class=\"wp-block-separator has-text-color has-light-gray-color has-alpha-channel-opacity has-light-gray-background-color has-background is-style-wide\"\/>\n\n\n\n<div class=\"wp-block-group is-layout-constrained wp-block-group-is-layout-constrained\">\n<div class=\"wp-block-group has-background is-layout-constrained wp-block-group-is-layout-constrained\" style=\"background-color:#e0b335\">\n<h3 id=\"block-based-themes\" class=\"wp-block-heading has-accent-primary-color has-text-color has-link-color wp-elements-8c5d90c849366152d3121223227aebaa\">Un monument d\u2019ing\u00e9niosit\u00e9<\/h3>\n\n\n\n<p class=\"has-accent-primary-color has-text-color has-link-color wp-elements-b0e99d5876c8a922e442a0dcb6cf69df wp-block-paragraph\">V\u00e9ritable prouesse technique, le canal traverse la Haute-Garonne, l\u2019Aude et l\u2019H\u00e9rault. Aliment\u00e9 par les ruisseaux de la Montagne Noire, son syst\u00e8me hydraulique reste en fonctionnement pr\u00e8s de quatre si\u00e8cles apr\u00e8s sa cr\u00e9ation.<\/p>\n\n\n\n<h3 class=\"wp-block-heading has-accent-primary-color has-text-color has-link-color wp-elements-a8c74838e7a89fcec06ce8907e960f83\">Des ouvrages d\u2019art exceptionnels<\/h3>\n\n\n\n<p class=\"has-accent-primary-color has-text-color has-link-color wp-elements-9bac4234e0b66811a3e6b9c4157ee137 wp-block-paragraph\">Avec ses 79 \u00e9cluses, 67 ponts-canaux et 328 ouvrages d\u2019art, le canal du Midi est un mus\u00e9e \u00e0 ciel ouvert.<\/p>\n\n\n\n<p class=\"has-accent-primary-color has-text-color has-link-color wp-elements-610fecfdf66581b60e5ea00295c37659 wp-block-paragraph\">Les \u00e9cluses de Fons\u00e9rannes, le pont-canal de B\u00e9ziers ou encore l\u2019\u00e9cluse ronde d\u2019Agde comptent parmi ses sites embl\u00e9matiques.<\/p>\n\n\n\n<h3 class=\"wp-block-heading has-accent-primary-color has-text-color has-link-color wp-elements-0af9171135354b05e6326ec3b23a68d9\">Une voie d\u2019eau vivante<\/h3>\n\n\n\n<p class=\"has-accent-primary-color has-text-color has-link-color wp-elements-07375a7ebe7e651151083cd60f82686c wp-block-paragraph\" id=\"block-based-themes\">Aujourd\u2019hui, le canal du Midi est l\u2019un des sites touristiques les plus visit\u00e9s d\u2019Occitanie. Entre balades \u00e0 v\u00e9lo, croisi\u00e8res fluviales et haltes en bord de canal, il incarne la douceur de vivre du sud de la France.<\/p>\n<\/div>\n<\/div>\n\n\n\n<figure class=\"wp-block-image aligncenter size-full is-resized\"><a href=\"https:\/\/www.canal-du-midi.com\/\" target=\"_blank\" rel=\" noreferrer noopener\"><img data-recalc-dims=\"1\" loading=\"lazy\" decoding=\"async\" width=\"960\" height=\"448\" data-attachment-id=\"9045\" data-permalink=\"https:\/\/canaldumidiexperience.fr\/?attachment_id=9045\" data-orig-file=\"https:\/\/i0.wp.com\/canaldumidiexperience.fr\/wp-content\/uploads\/2026\/02\/logoCanalDuMidiUnesco.jpg?fit=960%2C448&amp;ssl=1\" data-orig-size=\"960,448\" data-comments-opened=\"1\" data-image-meta=\"{&quot;aperture&quot;:&quot;0&quot;,&quot;credit&quot;:&quot;&quot;,&quot;camera&quot;:&quot;&quot;,&quot;caption&quot;:&quot;&quot;,&quot;created_timestamp&quot;:&quot;0&quot;,&quot;copyright&quot;:&quot;&quot;,&quot;focal_length&quot;:&quot;0&quot;,&quot;iso&quot;:&quot;0&quot;,&quot;shutter_speed&quot;:&quot;0&quot;,&quot;title&quot;:&quot;&quot;,&quot;orientation&quot;:&quot;1&quot;}\" data-image-title=\"logoCanalDuMidiUnesco\" data-image-description=\"\" data-image-caption=\"\" data-large-file=\"https:\/\/i0.wp.com\/canaldumidiexperience.fr\/wp-content\/uploads\/2026\/02\/logoCanalDuMidiUnesco.jpg?fit=960%2C448&amp;ssl=1\" src=\"https:\/\/i0.wp.com\/canaldumidiexperience.fr\/wp-content\/uploads\/2026\/02\/logoCanalDuMidiUnesco.jpg?resize=960%2C448&#038;ssl=1\" alt=\"\" class=\"wp-image-9045\" style=\"width:600px\" srcset=\"https:\/\/i0.wp.com\/canaldumidiexperience.fr\/wp-content\/uploads\/2026\/02\/logoCanalDuMidiUnesco.jpg?w=960&amp;ssl=1 960w, https:\/\/i0.wp.com\/canaldumidiexperience.fr\/wp-content\/uploads\/2026\/02\/logoCanalDuMidiUnesco.jpg?resize=300%2C140&amp;ssl=1 300w, https:\/\/i0.wp.com\/canaldumidiexperience.fr\/wp-content\/uploads\/2026\/02\/logoCanalDuMidiUnesco.jpg?resize=768%2C358&amp;ssl=1 768w\" sizes=\"auto, (max-width: 960px) 100vw, 960px\" \/><\/a><\/figure>\n","protected":false},"excerpt":{"rendered":"<p><strong>STAX<\/strong> is a block-based Full-Site Editor WordPress theme. <em>Translation<\/em> \u2014 <strong>STAX<\/strong> makes it incredibly easy to design and build an entire WordPress website without any builder plugins.<\/p>\n","protected":false},"author":273367569,"featured_media":8783,"parent":0,"menu_order":0,"comment_status":"closed","ping_status":"closed","template":"","meta":{"_crdt_document":"","footnotes":""},"class_list":["post-8900","page","type-page","status-publish","has-post-thumbnail","hentry"],"yoast_head":"<!-- This site is optimized with the Yoast SEO plugin v27.5 - https:\/\/yoast.com\/product\/yoast-seo-wordpress\/ -->\n<title>Le canal du Midi - Canal du Midi Experience<\/title>\n<meta name=\"robots\" content=\"index, follow, max-snippet:-1, max-image-preview:large, max-video-preview:-1\" \/>\n<link rel=\"canonical\" href=\"https:\/\/canaldumidiexperience.fr\/?page_id=8900\" \/>\n<meta property=\"og:locale\" content=\"fr_FR\" \/>\n<meta property=\"og:type\" content=\"article\" \/>\n<meta property=\"og:title\" content=\"Le canal du Midi - Canal du Midi Experience\" \/>\n<meta property=\"og:description\" content=\"STAX is a block-based Full-Site Editor WordPress theme. Translation \u2014 STAX makes it incredibly easy to design and build an entire WordPress website without any builder plugins.\" \/>\n<meta property=\"og:url\" content=\"https:\/\/canaldumidiexperience.fr\/?page_id=8900\" \/>\n<meta property=\"og:site_name\" content=\"Canal du Midi Experience\" \/>\n<meta property=\"article:modified_time\" content=\"2026-02-23T12:20:01+00:00\" \/>\n<meta property=\"og:image\" content=\"https:\/\/canaldumidiexperience.fr\/wp-content\/uploads\/2025\/12\/AdobeStock_869301924-1024x683.jpeg\" \/>\n\t<meta property=\"og:image:width\" content=\"1024\" \/>\n\t<meta property=\"og:image:height\" content=\"683\" \/>\n\t<meta property=\"og:image:type\" content=\"image\/jpeg\" \/>\n<meta name=\"twitter:card\" content=\"summary_large_image\" \/>\n<meta name=\"twitter:label1\" content=\"Dur\u00e9e de lecture estim\u00e9e\" \/>\n\t<meta name=\"twitter:data1\" content=\"1 minute\" \/>\n<script type=\"application\/ld+json\" class=\"yoast-schema-graph\">{\"@context\":\"https:\\\/\\\/schema.org\",\"@graph\":[{\"@type\":\"WebPage\",\"@id\":\"https:\\\/\\\/canaldumidiexperience.fr\\\/?page_id=8900\",\"url\":\"https:\\\/\\\/canaldumidiexperience.fr\\\/?page_id=8900\",\"name\":\"Le canal du Midi - Canal du Midi Experience\",\"isPartOf\":{\"@id\":\"https:\\\/\\\/canaldumidiexperience.fr\\\/#website\"},\"primaryImageOfPage\":{\"@id\":\"https:\\\/\\\/canaldumidiexperience.fr\\\/?page_id=8900#primaryimage\"},\"image\":{\"@id\":\"https:\\\/\\\/canaldumidiexperience.fr\\\/?page_id=8900#primaryimage\"},\"thumbnailUrl\":\"https:\\\/\\\/i0.wp.com\\\/canaldumidiexperience.fr\\\/wp-content\\\/uploads\\\/2025\\\/12\\\/AdobeStock_869301924.jpeg?fit=5445%2C3630&ssl=1\",\"datePublished\":\"2025-12-17T13:27:59+00:00\",\"dateModified\":\"2026-02-23T12:20:01+00:00\",\"breadcrumb\":{\"@id\":\"https:\\\/\\\/canaldumidiexperience.fr\\\/?page_id=8900#breadcrumb\"},\"inLanguage\":\"fr-FR\",\"potentialAction\":[{\"@type\":\"ReadAction\",\"target\":[\"https:\\\/\\\/canaldumidiexperience.fr\\\/?page_id=8900\"]}]},{\"@type\":\"ImageObject\",\"inLanguage\":\"fr-FR\",\"@id\":\"https:\\\/\\\/canaldumidiexperience.fr\\\/?page_id=8900#primaryimage\",\"url\":\"https:\\\/\\\/i0.wp.com\\\/canaldumidiexperience.fr\\\/wp-content\\\/uploads\\\/2025\\\/12\\\/AdobeStock_869301924.jpeg?fit=5445%2C3630&ssl=1\",\"contentUrl\":\"https:\\\/\\\/i0.wp.com\\\/canaldumidiexperience.fr\\\/wp-content\\\/uploads\\\/2025\\\/12\\\/AdobeStock_869301924.jpeg?fit=5445%2C3630&ssl=1\",\"width\":5445,\"height\":3630},{\"@type\":\"BreadcrumbList\",\"@id\":\"https:\\\/\\\/canaldumidiexperience.fr\\\/?page_id=8900#breadcrumb\",\"itemListElement\":[{\"@type\":\"ListItem\",\"position\":1,\"name\":\"Accueil\",\"item\":\"https:\\\/\\\/canaldumidiexperience.fr\\\/\"},{\"@type\":\"ListItem\",\"position\":2,\"name\":\"Le canal du Midi\"}]},{\"@type\":\"WebSite\",\"@id\":\"https:\\\/\\\/canaldumidiexperience.fr\\\/#website\",\"url\":\"https:\\\/\\\/canaldumidiexperience.fr\\\/\",\"name\":\"Canal du Midi Experience\",\"description\":\"Une aventure sportive et solidaire le long du Canal du Midi.\",\"publisher\":{\"@id\":\"https:\\\/\\\/canaldumidiexperience.fr\\\/#organization\"},\"potentialAction\":[{\"@type\":\"SearchAction\",\"target\":{\"@type\":\"EntryPoint\",\"urlTemplate\":\"https:\\\/\\\/canaldumidiexperience.fr\\\/?s={search_term_string}\"},\"query-input\":{\"@type\":\"PropertyValueSpecification\",\"valueRequired\":true,\"valueName\":\"search_term_string\"}}],\"inLanguage\":\"fr-FR\"},{\"@type\":\"Organization\",\"@id\":\"https:\\\/\\\/canaldumidiexperience.fr\\\/#organization\",\"name\":\"Canal du Midi Experience\",\"url\":\"https:\\\/\\\/canaldumidiexperience.fr\\\/\",\"logo\":{\"@type\":\"ImageObject\",\"inLanguage\":\"fr-FR\",\"@id\":\"https:\\\/\\\/canaldumidiexperience.fr\\\/#\\\/schema\\\/logo\\\/image\\\/\",\"url\":\"https:\\\/\\\/canaldumidiexperience.fr\\\/wp-content\\\/uploads\\\/2025\\\/11\\\/cropped-logo-site-transparent-png.png\",\"contentUrl\":\"https:\\\/\\\/canaldumidiexperience.fr\\\/wp-content\\\/uploads\\\/2025\\\/11\\\/cropped-logo-site-transparent-png.png\",\"width\":512,\"height\":512,\"caption\":\"Canal du Midi Experience\"},\"image\":{\"@id\":\"https:\\\/\\\/canaldumidiexperience.fr\\\/#\\\/schema\\\/logo\\\/image\\\/\"}}]}<\/script>\n<!-- \/ Yoast SEO plugin. -->","yoast_head_json":{"title":"Le canal du Midi - Canal du Midi Experience","robots":{"index":"index","follow":"follow","max-snippet":"max-snippet:-1","max-image-preview":"max-image-preview:large","max-video-preview":"max-video-preview:-1"},"canonical":"https:\/\/canaldumidiexperience.fr\/?page_id=8900","og_locale":"fr_FR","og_type":"article","og_title":"Le canal du Midi - Canal du Midi Experience","og_description":"STAX is a block-based Full-Site Editor WordPress theme. Translation \u2014 STAX makes it incredibly easy to design and build an entire WordPress website without any builder plugins.","og_url":"https:\/\/canaldumidiexperience.fr\/?page_id=8900","og_site_name":"Canal du Midi Experience","article_modified_time":"2026-02-23T12:20:01+00:00","og_image":[{"width":1024,"height":683,"url":"https:\/\/canaldumidiexperience.fr\/wp-content\/uploads\/2025\/12\/AdobeStock_869301924-1024x683.jpeg","type":"image\/jpeg"}],"twitter_card":"summary_large_image","twitter_misc":{"Dur\u00e9e de lecture estim\u00e9e":"1 minute"},"schema":{"@context":"https:\/\/schema.org","@graph":[{"@type":"WebPage","@id":"https:\/\/canaldumidiexperience.fr\/?page_id=8900","url":"https:\/\/canaldumidiexperience.fr\/?page_id=8900","name":"Le canal du Midi - Canal du Midi Experience","isPartOf":{"@id":"https:\/\/canaldumidiexperience.fr\/#website"},"primaryImageOfPage":{"@id":"https:\/\/canaldumidiexperience.fr\/?page_id=8900#primaryimage"},"image":{"@id":"https:\/\/canaldumidiexperience.fr\/?page_id=8900#primaryimage"},"thumbnailUrl":"https:\/\/i0.wp.com\/canaldumidiexperience.fr\/wp-content\/uploads\/2025\/12\/AdobeStock_869301924.jpeg?fit=5445%2C3630&ssl=1","datePublished":"2025-12-17T13:27:59+00:00","dateModified":"2026-02-23T12:20:01+00:00","breadcrumb":{"@id":"https:\/\/canaldumidiexperience.fr\/?page_id=8900#breadcrumb"},"inLanguage":"fr-FR","potentialAction":[{"@type":"ReadAction","target":["https:\/\/canaldumidiexperience.fr\/?page_id=8900"]}]},{"@type":"ImageObject","inLanguage":"fr-FR","@id":"https:\/\/canaldumidiexperience.fr\/?page_id=8900#primaryimage","url":"https:\/\/i0.wp.com\/canaldumidiexperience.fr\/wp-content\/uploads\/2025\/12\/AdobeStock_869301924.jpeg?fit=5445%2C3630&ssl=1","contentUrl":"https:\/\/i0.wp.com\/canaldumidiexperience.fr\/wp-content\/uploads\/2025\/12\/AdobeStock_869301924.jpeg?fit=5445%2C3630&ssl=1","width":5445,"height":3630},{"@type":"BreadcrumbList","@id":"https:\/\/canaldumidiexperience.fr\/?page_id=8900#breadcrumb","itemListElement":[{"@type":"ListItem","position":1,"name":"Accueil","item":"https:\/\/canaldumidiexperience.fr\/"},{"@type":"ListItem","position":2,"name":"Le canal du Midi"}]},{"@type":"WebSite","@id":"https:\/\/canaldumidiexperience.fr\/#website","url":"https:\/\/canaldumidiexperience.fr\/","name":"Canal du Midi Experience","description":"Une aventure sportive et solidaire le long du Canal du Midi.","publisher":{"@id":"https:\/\/canaldumidiexperience.fr\/#organization"},"potentialAction":[{"@type":"SearchAction","target":{"@type":"EntryPoint","urlTemplate":"https:\/\/canaldumidiexperience.fr\/?s={search_term_string}"},"query-input":{"@type":"PropertyValueSpecification","valueRequired":true,"valueName":"search_term_string"}}],"inLanguage":"fr-FR"},{"@type":"Organization","@id":"https:\/\/canaldumidiexperience.fr\/#organization","name":"Canal du Midi Experience","url":"https:\/\/canaldumidiexperience.fr\/","logo":{"@type":"ImageObject","inLanguage":"fr-FR","@id":"https:\/\/canaldumidiexperience.fr\/#\/schema\/logo\/image\/","url":"https:\/\/canaldumidiexperience.fr\/wp-content\/uploads\/2025\/11\/cropped-logo-site-transparent-png.png","contentUrl":"https:\/\/canaldumidiexperience.fr\/wp-content\/uploads\/2025\/11\/cropped-logo-site-transparent-png.png","width":512,"height":512,"caption":"Canal du Midi Experience"},"image":{"@id":"https:\/\/canaldumidiexperience.fr\/#\/schema\/logo\/image\/"}}]}},"jetpack_likes_enabled":true,"jetpack_sharing_enabled":true,"jetpack_shortlink":"https:\/\/wp.me\/PgTZ8a-2jy","jetpack-related-posts":[],"_links":{"self":[{"href":"https:\/\/canaldumidiexperience.fr\/index.php?rest_route=\/wp\/v2\/pages\/8900","targetHints":{"allow":["GET"]}}],"collection":[{"href":"https:\/\/canaldumidiexperience.fr\/index.php?rest_route=\/wp\/v2\/pages"}],"about":[{"href":"https:\/\/canaldumidiexperience.fr\/index.php?rest_route=\/wp\/v2\/types\/page"}],"author":[{"embeddable":true,"href":"https:\/\/canaldumidiexperience.fr\/index.php?rest_route=\/wp\/v2\/users\/273367569"}],"replies":[{"embeddable":true,"href":"https:\/\/canaldumidiexperience.fr\/index.php?rest_route=%2Fwp%2Fv2%2Fcomments&post=8900"}],"version-history":[{"count":6,"href":"https:\/\/canaldumidiexperience.fr\/index.php?rest_route=\/wp\/v2\/pages\/8900\/revisions"}],"predecessor-version":[{"id":9052,"href":"https:\/\/canaldumidiexperience.fr\/index.php?rest_route=\/wp\/v2\/pages\/8900\/revisions\/9052"}],"wp:featuredmedia":[{"embeddable":true,"href":"https:\/\/canaldumidiexperience.fr\/index.php?rest_route=\/wp\/v2\/media\/8783"}],"wp:attachment":[{"href":"https:\/\/canaldumidiexperience.fr\/index.php?rest_route=%2Fwp%2Fv2%2Fmedia&parent=8900"}],"curies":[{"name":"wp","href":"https:\/\/api.w.org\/{rel}","templated":true}]}}