{"id":8424,"date":"2025-11-12T22:48:21","date_gmt":"2025-11-12T21:48:21","guid":{"rendered":"https:\/\/canaldumidiexperience.fr\/?page_id=8424"},"modified":"2025-12-17T21:48:43","modified_gmt":"2025-12-17T20:48:43","slug":"dates-et-horaires","status":"publish","type":"page","link":"https:\/\/canaldumidiexperience.fr\/?page_id=8424","title":{"rendered":"Dates et heures"},"content":{"rendered":"\n<div class=\"wp-block-obb-hero-block alignfull organic-block obb-hero obb-position-center-center obb-featured-img-parallax is-style-obb-no-crop\" style=\"background-color:#006e6e;background-image:url(https:\/\/canaldumidiexperience.fr\/wp-content\/uploads\/2025\/12\/channel-1981363_1280.jpg);min-height:640px\"><svg class=\"clipping-path\" width=\"0\" height=\"0\"><defs><clipPath id=\"wave-curve-right\" clipPathUnits=\"objectBoundingBox\" transform=\"scale(0.01, 0.02)\"><path d=\"M100,0H0v44.7c0,0,8.1,4.8,26.4,5C48.7,49.8,59,38.5,79,37.3c12.7-0.7,21,4.6,21,4.6V0z\"><\/path><\/clipPath><\/defs><\/svg><svg class=\"clipping-path\" width=\"0\" height=\"0\"><defs><clipPath id=\"wave-curve-left\" clipPathUnits=\"objectBoundingBox\" transform=\"scale(0.01, 0.02)\"><path d=\"M0,0l100,0v44.7c0,0-8.1,4.8-26.4,5C51.3,49.8,41,38.5,21,37.3C8.2,36.6,0,41.9,0,41.9L0,0z\"><\/path><\/clipPath><\/defs><\/svg><svg class=\"clipping-path\" width=\"0\" height=\"0\"><defs><clipPath id=\"bulge\" clipPathUnits=\"objectBoundingBox\" transform=\"scale(0.01, 0.02)\"><path d=\"M100,40c0,0-20.7,10-50,10S0,40,0,40V0h100V40z\"><\/path><\/clipPath><\/defs><\/svg><div class=\"obb-content-overlay\" style=\"background-color:#006e6e;opacity:0\"><\/div><div class=\"obb-hero-content\" style=\"max-width:1280px\">\n<div class=\"wp-block-group obb-featured-img is-layout-flow wp-block-group-is-layout-flow\"><figure class=\"wp-block-post-featured-image\"><img loading=\"lazy\" decoding=\"async\" width=\"1280\" height=\"960\" src=\"https:\/\/i0.wp.com\/canaldumidiexperience.fr\/wp-content\/uploads\/2025\/12\/channel-1981363_1280.jpg?fit=1280%2C960&amp;ssl=1\" class=\"attachment-post-thumbnail size-post-thumbnail wp-post-image\" alt=\"\" style=\"object-fit:cover;\" srcset=\"https:\/\/i0.wp.com\/canaldumidiexperience.fr\/wp-content\/uploads\/2025\/12\/channel-1981363_1280.jpg?w=1280&amp;ssl=1 1280w, https:\/\/i0.wp.com\/canaldumidiexperience.fr\/wp-content\/uploads\/2025\/12\/channel-1981363_1280.jpg?resize=300%2C225&amp;ssl=1 300w, https:\/\/i0.wp.com\/canaldumidiexperience.fr\/wp-content\/uploads\/2025\/12\/channel-1981363_1280.jpg?resize=1024%2C768&amp;ssl=1 1024w, https:\/\/i0.wp.com\/canaldumidiexperience.fr\/wp-content\/uploads\/2025\/12\/channel-1981363_1280.jpg?resize=768%2C576&amp;ssl=1 768w, https:\/\/i0.wp.com\/canaldumidiexperience.fr\/wp-content\/uploads\/2025\/12\/channel-1981363_1280.jpg?resize=980%2C735&amp;ssl=1 980w\" sizes=\"auto, (max-width: 1000px) 100vw, 1000px\" data-attachment-id=\"8788\" data-permalink=\"https:\/\/canaldumidiexperience.fr\/?attachment_id=8788\" data-orig-file=\"https:\/\/i0.wp.com\/canaldumidiexperience.fr\/wp-content\/uploads\/2025\/12\/channel-1981363_1280.jpg?fit=1280%2C960&amp;ssl=1\" data-orig-size=\"1280,960\" data-comments-opened=\"1\" data-image-meta=\"{&quot;aperture&quot;:&quot;0&quot;,&quot;credit&quot;:&quot;&quot;,&quot;camera&quot;:&quot;&quot;,&quot;caption&quot;:&quot;&quot;,&quot;created_timestamp&quot;:&quot;0&quot;,&quot;copyright&quot;:&quot;&quot;,&quot;focal_length&quot;:&quot;0&quot;,&quot;iso&quot;:&quot;0&quot;,&quot;shutter_speed&quot;:&quot;0&quot;,&quot;title&quot;:&quot;&quot;,&quot;orientation&quot;:&quot;0&quot;}\" data-image-title=\"channel-1981363_1280\" data-image-description=\"\" data-image-caption=\"\" data-large-file=\"https:\/\/i0.wp.com\/canaldumidiexperience.fr\/wp-content\/uploads\/2025\/12\/channel-1981363_1280.jpg?fit=1024%2C768&amp;ssl=1\" \/><\/figure><\/div>\n<\/div><\/div>\n\n\n\n<p class=\"has-text-color has-link-color has-medium-font-size wp-elements-0dfee6c6235efe6c07c9528bb6d0e2c0 wp-block-paragraph\" style=\"color:#5c77ac\">Deux jours de course, quatre grandes \u00e9tapes et une aventure sportive \u00e0 vivre en \u00e9quipe, les 23 et 24 mai 2026.<\/p>\n\n\n\n<hr class=\"wp-block-separator has-text-color has-light-gray-color has-alpha-channel-opacity has-light-gray-background-color has-background is-style-wide\"\/>\n\n\n\n<div class=\"wp-block-group has-background is-layout-constrained wp-block-group-is-layout-constrained\" style=\"background-color:#5c77ac\">\n<p class=\"has-accent-primary-color has-text-color has-link-color wp-elements-840d3af31541ab67ab0f17fd951d9eec wp-block-paragraph\">Le d\u00e9part de la Canal du Midi Exp\u00e9rience sera donn\u00e9 le samedi 23 mai 2026 \u00e0 7h00 \u00e0 Toulouse, pour une premi\u00e8re \u00e9tape en direction de Castelnaudary. Dans l\u2019apr\u00e8s-midi, les \u00e9quipes poursuivront leur parcours vers Carcassonne.<\/p>\n\n\n\n<p class=\"has-accent-primary-color has-text-color has-link-color wp-elements-0625b54aec3ff73e1518ce03845bfdeb wp-block-paragraph\">Le lendemain, dimanche 24 mai 2026, la course reprendra \u00e0 6h45 pour l\u2019\u00e9tape Carcassonne \u2013 Le Somail, avant un dernier relais \u00e0 13h45 vers B\u00e9ziers, point d\u2019arriv\u00e9e de cette aventure unique.<\/p>\n\n\n\n<p class=\"has-accent-primary-color has-text-color has-link-color wp-elements-2b0f3dc5c6ffa1ad4be8ebfcf905a334 wp-block-paragraph\">R\u00e9capitulatif :<\/p>\n\n\n\n<ul class=\"wp-block-list\">\n<li class=\"has-accent-primary-color has-text-color has-link-color wp-elements-2d698c8819e2a7ced5fa944e07ae4a0c\">Samedi 23 mai 2026 \u00e0 7h00 \u2192 Toulouse \u2192 Castelnaudary<\/li>\n\n\n\n<li class=\"has-accent-primary-color has-text-color has-link-color wp-elements-b0172b69ec15a67690ab0628e1450a97\">Samedi 23 mai 2026 \u00e0 14h00 \u2192 Castelnaudary \u2192 Carcassonne<\/li>\n\n\n\n<li class=\"has-accent-primary-color has-text-color has-link-color wp-elements-53f15dc692f83dd42feb66a9edbe2a99\">Dimanche 24 mai 2026 \u00e0 6h45 \u2192 Carcassonne \u2192 Le Somail<\/li>\n\n\n\n<li class=\"has-accent-primary-color has-text-color has-link-color wp-elements-1de5dd73a9c66589fa50692fd9c07cee\">Dimanche 24 mai 2026 \u00e0 13h45 \u2192 Le Somail \u2192 B\u00e9ziers<\/li>\n<\/ul>\n\n\n\n<p class=\"has-accent-primary-color has-text-color has-link-color wp-elements-6573332ba8d6172bb5b23f8c75326878 wp-block-paragraph\">Les horaires de d\u00e9part sont identiques pour toutes les \u00e9quipes. Des estimations de temps de passage seront pr\u00e9cis\u00e9es dans le roadbook officiel remis avant la course.<\/p>\n<\/div>\n","protected":false},"excerpt":{"rendered":"<p><strong>STAX<\/strong> is a block-based Full-Site Editor WordPress theme. <em>Translation<\/em> \u2014 <strong>STAX<\/strong> makes it incredibly easy to design and build an entire WordPress website without any builder plugins.<\/p>\n","protected":false},"author":273367569,"featured_media":8788,"parent":0,"menu_order":0,"comment_status":"closed","ping_status":"closed","template":"","meta":{"_crdt_document":"","footnotes":""},"class_list":["post-8424","page","type-page","status-publish","has-post-thumbnail","hentry"],"yoast_head":"<!-- This site is optimized with the Yoast SEO plugin v27.5 - https:\/\/yoast.com\/product\/yoast-seo-wordpress\/ -->\n<title>Dates et heures - Canal du Midi Experience<\/title>\n<meta name=\"description\" content=\"Consultez les dates et horaires de la Canal du Midi Exp\u00e9rience 2026 : quatre \u00e9tapes sur deux jours, de Toulouse \u00e0 B\u00e9ziers, les 23 et 24 mai.\" \/>\n<meta name=\"robots\" content=\"index, follow, max-snippet:-1, max-image-preview:large, max-video-preview:-1\" \/>\n<link rel=\"canonical\" href=\"https:\/\/canaldumidiexperience.fr\/?page_id=8424\" \/>\n<meta property=\"og:locale\" content=\"fr_FR\" \/>\n<meta property=\"og:type\" content=\"article\" \/>\n<meta property=\"og:title\" content=\"Dates et heures - Canal du Midi Experience\" \/>\n<meta property=\"og:description\" content=\"Consultez les dates et horaires de la Canal du Midi Exp\u00e9rience 2026 : quatre \u00e9tapes sur deux jours, de Toulouse \u00e0 B\u00e9ziers, les 23 et 24 mai.\" \/>\n<meta property=\"og:url\" content=\"https:\/\/canaldumidiexperience.fr\/?page_id=8424\" \/>\n<meta property=\"og:site_name\" content=\"Canal du Midi Experience\" \/>\n<meta property=\"article:modified_time\" content=\"2025-12-17T20:48:43+00:00\" \/>\n<meta property=\"og:image\" content=\"https:\/\/i0.wp.com\/canaldumidiexperience.fr\/wp-content\/uploads\/2025\/12\/channel-1981363_1280.jpg?fit=1280%2C960&ssl=1\" \/>\n\t<meta property=\"og:image:width\" content=\"1280\" \/>\n\t<meta property=\"og:image:height\" content=\"960\" \/>\n\t<meta property=\"og:image:type\" content=\"image\/jpeg\" \/>\n<meta name=\"twitter:card\" content=\"summary_large_image\" \/>\n<meta name=\"twitter:label1\" content=\"Dur\u00e9e de lecture estim\u00e9e\" \/>\n\t<meta name=\"twitter:data1\" content=\"1 minute\" \/>\n<script type=\"application\/ld+json\" class=\"yoast-schema-graph\">{\"@context\":\"https:\\\/\\\/schema.org\",\"@graph\":[{\"@type\":\"WebPage\",\"@id\":\"https:\\\/\\\/canaldumidiexperience.fr\\\/?page_id=8424\",\"url\":\"https:\\\/\\\/canaldumidiexperience.fr\\\/?page_id=8424\",\"name\":\"Dates et heures - Canal du Midi Experience\",\"isPartOf\":{\"@id\":\"https:\\\/\\\/canaldumidiexperience.fr\\\/#website\"},\"primaryImageOfPage\":{\"@id\":\"https:\\\/\\\/canaldumidiexperience.fr\\\/?page_id=8424#primaryimage\"},\"image\":{\"@id\":\"https:\\\/\\\/canaldumidiexperience.fr\\\/?page_id=8424#primaryimage\"},\"thumbnailUrl\":\"https:\\\/\\\/i0.wp.com\\\/canaldumidiexperience.fr\\\/wp-content\\\/uploads\\\/2025\\\/12\\\/channel-1981363_1280.jpg?fit=1280%2C960&ssl=1\",\"datePublished\":\"2025-11-12T21:48:21+00:00\",\"dateModified\":\"2025-12-17T20:48:43+00:00\",\"description\":\"Consultez les dates et horaires de la Canal du Midi Exp\u00e9rience 2026 : quatre \u00e9tapes sur deux jours, de Toulouse \u00e0 B\u00e9ziers, les 23 et 24 mai.\",\"breadcrumb\":{\"@id\":\"https:\\\/\\\/canaldumidiexperience.fr\\\/?page_id=8424#breadcrumb\"},\"inLanguage\":\"fr-FR\",\"potentialAction\":[{\"@type\":\"ReadAction\",\"target\":[\"https:\\\/\\\/canaldumidiexperience.fr\\\/?page_id=8424\"]}]},{\"@type\":\"ImageObject\",\"inLanguage\":\"fr-FR\",\"@id\":\"https:\\\/\\\/canaldumidiexperience.fr\\\/?page_id=8424#primaryimage\",\"url\":\"https:\\\/\\\/i0.wp.com\\\/canaldumidiexperience.fr\\\/wp-content\\\/uploads\\\/2025\\\/12\\\/channel-1981363_1280.jpg?fit=1280%2C960&ssl=1\",\"contentUrl\":\"https:\\\/\\\/i0.wp.com\\\/canaldumidiexperience.fr\\\/wp-content\\\/uploads\\\/2025\\\/12\\\/channel-1981363_1280.jpg?fit=1280%2C960&ssl=1\",\"width\":1280,\"height\":960},{\"@type\":\"BreadcrumbList\",\"@id\":\"https:\\\/\\\/canaldumidiexperience.fr\\\/?page_id=8424#breadcrumb\",\"itemListElement\":[{\"@type\":\"ListItem\",\"position\":1,\"name\":\"Accueil\",\"item\":\"https:\\\/\\\/canaldumidiexperience.fr\\\/\"},{\"@type\":\"ListItem\",\"position\":2,\"name\":\"Dates et heures\"}]},{\"@type\":\"WebSite\",\"@id\":\"https:\\\/\\\/canaldumidiexperience.fr\\\/#website\",\"url\":\"https:\\\/\\\/canaldumidiexperience.fr\\\/\",\"name\":\"Canal du Midi Experience\",\"description\":\"Une aventure sportive et solidaire le long du Canal du Midi.\",\"publisher\":{\"@id\":\"https:\\\/\\\/canaldumidiexperience.fr\\\/#organization\"},\"potentialAction\":[{\"@type\":\"SearchAction\",\"target\":{\"@type\":\"EntryPoint\",\"urlTemplate\":\"https:\\\/\\\/canaldumidiexperience.fr\\\/?s={search_term_string}\"},\"query-input\":{\"@type\":\"PropertyValueSpecification\",\"valueRequired\":true,\"valueName\":\"search_term_string\"}}],\"inLanguage\":\"fr-FR\"},{\"@type\":\"Organization\",\"@id\":\"https:\\\/\\\/canaldumidiexperience.fr\\\/#organization\",\"name\":\"Canal du Midi Experience\",\"url\":\"https:\\\/\\\/canaldumidiexperience.fr\\\/\",\"logo\":{\"@type\":\"ImageObject\",\"inLanguage\":\"fr-FR\",\"@id\":\"https:\\\/\\\/canaldumidiexperience.fr\\\/#\\\/schema\\\/logo\\\/image\\\/\",\"url\":\"https:\\\/\\\/canaldumidiexperience.fr\\\/wp-content\\\/uploads\\\/2025\\\/11\\\/cropped-logo-site-transparent-png.png\",\"contentUrl\":\"https:\\\/\\\/canaldumidiexperience.fr\\\/wp-content\\\/uploads\\\/2025\\\/11\\\/cropped-logo-site-transparent-png.png\",\"width\":512,\"height\":512,\"caption\":\"Canal du Midi Experience\"},\"image\":{\"@id\":\"https:\\\/\\\/canaldumidiexperience.fr\\\/#\\\/schema\\\/logo\\\/image\\\/\"}}]}<\/script>\n<!-- \/ Yoast SEO plugin. -->","yoast_head_json":{"title":"Dates et heures - Canal du Midi Experience","description":"Consultez les dates et horaires de la Canal du Midi Exp\u00e9rience 2026 : quatre \u00e9tapes sur deux jours, de Toulouse \u00e0 B\u00e9ziers, les 23 et 24 mai.","robots":{"index":"index","follow":"follow","max-snippet":"max-snippet:-1","max-image-preview":"max-image-preview:large","max-video-preview":"max-video-preview:-1"},"canonical":"https:\/\/canaldumidiexperience.fr\/?page_id=8424","og_locale":"fr_FR","og_type":"article","og_title":"Dates et heures - Canal du Midi Experience","og_description":"Consultez les dates et horaires de la Canal du Midi Exp\u00e9rience 2026 : quatre \u00e9tapes sur deux jours, de Toulouse \u00e0 B\u00e9ziers, les 23 et 24 mai.","og_url":"https:\/\/canaldumidiexperience.fr\/?page_id=8424","og_site_name":"Canal du Midi Experience","article_modified_time":"2025-12-17T20:48:43+00:00","og_image":[{"width":1280,"height":960,"url":"https:\/\/i0.wp.com\/canaldumidiexperience.fr\/wp-content\/uploads\/2025\/12\/channel-1981363_1280.jpg?fit=1280%2C960&ssl=1","type":"image\/jpeg"}],"twitter_card":"summary_large_image","twitter_misc":{"Dur\u00e9e de lecture estim\u00e9e":"1 minute"},"schema":{"@context":"https:\/\/schema.org","@graph":[{"@type":"WebPage","@id":"https:\/\/canaldumidiexperience.fr\/?page_id=8424","url":"https:\/\/canaldumidiexperience.fr\/?page_id=8424","name":"Dates et heures - Canal du Midi Experience","isPartOf":{"@id":"https:\/\/canaldumidiexperience.fr\/#website"},"primaryImageOfPage":{"@id":"https:\/\/canaldumidiexperience.fr\/?page_id=8424#primaryimage"},"image":{"@id":"https:\/\/canaldumidiexperience.fr\/?page_id=8424#primaryimage"},"thumbnailUrl":"https:\/\/i0.wp.com\/canaldumidiexperience.fr\/wp-content\/uploads\/2025\/12\/channel-1981363_1280.jpg?fit=1280%2C960&ssl=1","datePublished":"2025-11-12T21:48:21+00:00","dateModified":"2025-12-17T20:48:43+00:00","description":"Consultez les dates et horaires de la Canal du Midi Exp\u00e9rience 2026 : quatre \u00e9tapes sur deux jours, de Toulouse \u00e0 B\u00e9ziers, les 23 et 24 mai.","breadcrumb":{"@id":"https:\/\/canaldumidiexperience.fr\/?page_id=8424#breadcrumb"},"inLanguage":"fr-FR","potentialAction":[{"@type":"ReadAction","target":["https:\/\/canaldumidiexperience.fr\/?page_id=8424"]}]},{"@type":"ImageObject","inLanguage":"fr-FR","@id":"https:\/\/canaldumidiexperience.fr\/?page_id=8424#primaryimage","url":"https:\/\/i0.wp.com\/canaldumidiexperience.fr\/wp-content\/uploads\/2025\/12\/channel-1981363_1280.jpg?fit=1280%2C960&ssl=1","contentUrl":"https:\/\/i0.wp.com\/canaldumidiexperience.fr\/wp-content\/uploads\/2025\/12\/channel-1981363_1280.jpg?fit=1280%2C960&ssl=1","width":1280,"height":960},{"@type":"BreadcrumbList","@id":"https:\/\/canaldumidiexperience.fr\/?page_id=8424#breadcrumb","itemListElement":[{"@type":"ListItem","position":1,"name":"Accueil","item":"https:\/\/canaldumidiexperience.fr\/"},{"@type":"ListItem","position":2,"name":"Dates et heures"}]},{"@type":"WebSite","@id":"https:\/\/canaldumidiexperience.fr\/#website","url":"https:\/\/canaldumidiexperience.fr\/","name":"Canal du Midi Experience","description":"Une aventure sportive et solidaire le long du Canal du Midi.","publisher":{"@id":"https:\/\/canaldumidiexperience.fr\/#organization"},"potentialAction":[{"@type":"SearchAction","target":{"@type":"EntryPoint","urlTemplate":"https:\/\/canaldumidiexperience.fr\/?s={search_term_string}"},"query-input":{"@type":"PropertyValueSpecification","valueRequired":true,"valueName":"search_term_string"}}],"inLanguage":"fr-FR"},{"@type":"Organization","@id":"https:\/\/canaldumidiexperience.fr\/#organization","name":"Canal du Midi Experience","url":"https:\/\/canaldumidiexperience.fr\/","logo":{"@type":"ImageObject","inLanguage":"fr-FR","@id":"https:\/\/canaldumidiexperience.fr\/#\/schema\/logo\/image\/","url":"https:\/\/canaldumidiexperience.fr\/wp-content\/uploads\/2025\/11\/cropped-logo-site-transparent-png.png","contentUrl":"https:\/\/canaldumidiexperience.fr\/wp-content\/uploads\/2025\/11\/cropped-logo-site-transparent-png.png","width":512,"height":512,"caption":"Canal du Midi Experience"},"image":{"@id":"https:\/\/canaldumidiexperience.fr\/#\/schema\/logo\/image\/"}}]}},"jetpack_likes_enabled":true,"jetpack_sharing_enabled":true,"jetpack_shortlink":"https:\/\/wp.me\/PgTZ8a-2bS","jetpack-related-posts":[],"_links":{"self":[{"href":"https:\/\/canaldumidiexperience.fr\/index.php?rest_route=\/wp\/v2\/pages\/8424","targetHints":{"allow":["GET"]}}],"collection":[{"href":"https:\/\/canaldumidiexperience.fr\/index.php?rest_route=\/wp\/v2\/pages"}],"about":[{"href":"https:\/\/canaldumidiexperience.fr\/index.php?rest_route=\/wp\/v2\/types\/page"}],"author":[{"embeddable":true,"href":"https:\/\/canaldumidiexperience.fr\/index.php?rest_route=\/wp\/v2\/users\/273367569"}],"replies":[{"embeddable":true,"href":"https:\/\/canaldumidiexperience.fr\/index.php?rest_route=%2Fwp%2Fv2%2Fcomments&post=8424"}],"version-history":[{"count":6,"href":"https:\/\/canaldumidiexperience.fr\/index.php?rest_route=\/wp\/v2\/pages\/8424\/revisions"}],"predecessor-version":[{"id":8956,"href":"https:\/\/canaldumidiexperience.fr\/index.php?rest_route=\/wp\/v2\/pages\/8424\/revisions\/8956"}],"wp:featuredmedia":[{"embeddable":true,"href":"https:\/\/canaldumidiexperience.fr\/index.php?rest_route=\/wp\/v2\/media\/8788"}],"wp:attachment":[{"href":"https:\/\/canaldumidiexperience.fr\/index.php?rest_route=%2Fwp%2Fv2%2Fmedia&parent=8424"}],"curies":[{"name":"wp","href":"https:\/\/api.w.org\/{rel}","templated":true}]}}